{"id":12,"date":"2022-12-07T20:52:02","date_gmt":"2022-12-07T20:52:02","guid":{"rendered":"https:\/\/josiasmoraes.com\/blog\/?page_id=12"},"modified":"2023-09-21T17:50:07","modified_gmt":"2023-09-21T17:50:07","slug":"home","status":"publish","type":"page","link":"https:\/\/poloplanejamento.com\/blog\/","title":{"rendered":"Home"},"content":{"rendered":"\t\t<div data-elementor-type=\"wp-page\" data-elementor-id=\"12\" class=\"elementor elementor-12\">\n\t\t\t\t\t\t\t<div class=\"elementor-element elementor-element-78d361f e-flex e-con-boxed e-con e-parent\" data-id=\"78d361f\" data-element_type=\"container\" data-settings=\"{&quot;content_width&quot;:&quot;boxed&quot;}\" data-core-v316-plus=\"true\">\n\t\t\t\t\t<div class=\"e-con-inner\">\n\t\t<div class=\"elementor-element elementor-element-ccc6853 e-flex e-con-boxed e-con e-child\" data-id=\"ccc6853\" data-element_type=\"container\" data-settings=\"{&quot;content_width&quot;:&quot;boxed&quot;}\">\n\t\t\t\t\t<div class=\"e-con-inner\">\n\t\t\t\t<div class=\"elementor-element elementor-element-82b64c2 elementor-widget elementor-widget-heading\" data-id=\"82b64c2\" data-element_type=\"widget\" data-widget_type=\"heading.default\">\n\t\t\t\t<div class=\"elementor-widget-container\">\n\t\t\t<style>\/*! elementor - v3.16.0 - 17-10-2023 *\/\n.elementor-heading-title{padding:0;margin:0;line-height:1}.elementor-widget-heading .elementor-heading-title[class*=elementor-size-]>a{color:inherit;font-size:inherit;line-height:inherit}.elementor-widget-heading .elementor-heading-title.elementor-size-small{font-size:15px}.elementor-widget-heading .elementor-heading-title.elementor-size-medium{font-size:19px}.elementor-widget-heading .elementor-heading-title.elementor-size-large{font-size:29px}.elementor-widget-heading .elementor-heading-title.elementor-size-xl{font-size:39px}.elementor-widget-heading .elementor-heading-title.elementor-size-xxl{font-size:59px}<\/style><h2 class=\"elementor-heading-title elementor-size-default\">Sete anos em movimento e construindo cidades inteligentes<\/h2>\t\t<\/div>\n\t\t\t\t<\/div>\n\t\t\t\t<div class=\"elementor-element elementor-element-e367c96 elementor-align-center elementor-widget elementor-widget-button\" data-id=\"e367c96\" data-element_type=\"widget\" data-widget_type=\"button.default\">\n\t\t\t\t<div class=\"elementor-widget-container\">\n\t\t\t\t\t<div class=\"elementor-button-wrapper\">\n\t\t\t<a class=\"elementor-button elementor-button-link elementor-size-sm\" href=\"\/blog\/blog\/\">\n\t\t\t\t\t\t<span class=\"elementor-button-content-wrapper\">\n\t\t\t\t\t\t<span class=\"elementor-button-text\">Ver todos os posts<\/span>\n\t\t<\/span>\n\t\t\t\t\t<\/a>\n\t\t<\/div>\n\t\t\t\t<\/div>\n\t\t\t\t<\/div>\n\t\t\t\t\t<\/div>\n\t\t\t\t<\/div>\n\t\t\t\t\t<\/div>\n\t\t\t\t<\/div>\n\t\t<div class=\"elementor-element elementor-element-0dfe525 e-flex e-con-boxed e-con e-parent\" data-id=\"0dfe525\" data-element_type=\"container\" data-settings=\"{&quot;content_width&quot;:&quot;boxed&quot;}\" data-core-v316-plus=\"true\">\n\t\t\t\t\t<div class=\"e-con-inner\">\n\t\t\t\t<div class=\"elementor-element elementor-element-a5908ca elementor-widget elementor-widget-heading\" data-id=\"a5908ca\" data-element_type=\"widget\" data-widget_type=\"heading.default\">\n\t\t\t\t<div class=\"elementor-widget-container\">\n\t\t\t<h2 class=\"elementor-heading-title elementor-size-default\">NOSSOS POSTS MAIS RECENTES<\/h2>\t\t<\/div>\n\t\t\t\t<\/div>\n\t\t\t\t<div class=\"elementor-element elementor-element-035529d elementor-grid-3 elementor-grid-tablet-2 elementor-grid-mobile-1 elementor-posts--thumbnail-top elementor-posts__hover-gradient load-more-align-center elementor-widget elementor-widget-posts\" data-id=\"035529d\" data-element_type=\"widget\" data-settings=\"{&quot;pagination_type&quot;:&quot;load_more_on_click&quot;,&quot;cards_columns&quot;:&quot;3&quot;,&quot;cards_columns_tablet&quot;:&quot;2&quot;,&quot;cards_columns_mobile&quot;:&quot;1&quot;,&quot;cards_row_gap&quot;:{&quot;unit&quot;:&quot;px&quot;,&quot;size&quot;:35,&quot;sizes&quot;:[]},&quot;cards_row_gap_tablet&quot;:{&quot;unit&quot;:&quot;px&quot;,&quot;size&quot;:&quot;&quot;,&quot;sizes&quot;:[]},&quot;cards_row_gap_mobile&quot;:{&quot;unit&quot;:&quot;px&quot;,&quot;size&quot;:&quot;&quot;,&quot;sizes&quot;:[]},&quot;load_more_spinner&quot;:{&quot;value&quot;:&quot;fas fa-spinner&quot;,&quot;library&quot;:&quot;fa-solid&quot;}}\" data-widget_type=\"posts.cards\">\n\t\t\t\t<div class=\"elementor-widget-container\">\n\t\t\t<link rel=\"stylesheet\" href=\"https:\/\/poloplanejamento.com\/blog\/wp-content\/plugins\/elementor-pro\/assets\/css\/widget-posts.min.css\">\t\t<div class=\"elementor-posts-container elementor-posts elementor-posts--skin-cards elementor-grid\">\n\t\t\t\t<article class=\"elementor-post elementor-grid-item post-334 post type-post status-publish format-standard hentry category-polo category-tarifa-zero category-todas-as-categorias category-transporte-e-mobilidade\">\n\t\t\t<div class=\"elementor-post__card\">\n\t\t\t\t<div class=\"elementor-post__text\">\n\t\t\t\t<h3 class=\"elementor-post__title\">\n\t\t\t<a href=\"https:\/\/poloplanejamento.com\/blog\/o-dilema-da-tarifa-zero-e-garantir-transporte-para-todos-2\/\" >\n\t\t\t\tO dilema da tarifa zero \u00e9 garantir transporte para todos\t\t\t<\/a>\n\t\t<\/h3>\n\t\t\t\t<div class=\"elementor-post__excerpt\">\n\t\t\t<p>Nos \u00faltimos dias, a tarifa zero est\u00e1 em pauta. Pol\u00edticos de diferentes tend\u00eancias t\u00eam se posicionado a favor do tema. Interessante notar que PT e<\/p>\n\t\t<\/div>\n\t\t\t\t\t<a class=\"elementor-post__read-more\" href=\"https:\/\/poloplanejamento.com\/blog\/o-dilema-da-tarifa-zero-e-garantir-transporte-para-todos-2\/\" >\n\t\t\t\tLer mais \u00bb\t\t\t<\/a>\n\t\t\t\t<\/div>\n\t\t\t\t<div class=\"elementor-post__meta-data\">\n\t\t\t\t\t<span class=\"elementor-post-author\">\n\t\t\tThiago Gomes\t\t<\/span>\n\t\t\t\t<span class=\"elementor-post-date\">\n\t\t\t22\/12\/2022\t\t<\/span>\n\t\t\t\t<\/div>\n\t\t\t\t\t<\/div>\n\t\t<\/article>\n\t\t\t\t<article class=\"elementor-post elementor-grid-item post-293 post type-post status-publish format-standard has-post-thumbnail hentry category-polo category-todas-as-categorias\">\n\t\t\t<div class=\"elementor-post__card\">\n\t\t\t\t<a class=\"elementor-post__thumbnail__link\" href=\"https:\/\/poloplanejamento.com\/blog\/por-uma-transformacao-cultural-urbana-7-de-julho-15-anos-da-tcurbes\/\" ><div class=\"elementor-post__thumbnail\"><img loading=\"lazy\" width=\"300\" height=\"99\" src=\"https:\/\/poloplanejamento.com\/blog\/wp-content\/uploads\/2022\/12\/371644_1141b598cb804a749a1d0848ce520864mv2-300x99.png\" class=\"attachment-medium size-medium wp-image-294\" alt=\"\" decoding=\"async\" srcset=\"https:\/\/poloplanejamento.com\/blog\/wp-content\/uploads\/2022\/12\/371644_1141b598cb804a749a1d0848ce520864mv2-300x99.png 300w, https:\/\/poloplanejamento.com\/blog\/wp-content\/uploads\/2022\/12\/371644_1141b598cb804a749a1d0848ce520864mv2.png 564w\" sizes=\"(max-width: 300px) 100vw, 300px\" \/><\/div><\/a>\n\t\t\t\t<div class=\"elementor-post__text\">\n\t\t\t\t<h3 class=\"elementor-post__title\">\n\t\t\t<a href=\"https:\/\/poloplanejamento.com\/blog\/por-uma-transformacao-cultural-urbana-7-de-julho-15-anos-da-tcurbes\/\" >\n\t\t\t\tPor uma transforma\u00e7\u00e3o cultural urbana &#8211; 7 de julho: 15 anos da TcUrbes\t\t\t<\/a>\n\t\t<\/h3>\n\t\t\t\t<div class=\"elementor-post__excerpt\">\n\t\t\t<p>A bicicleta \u00e9 um modo de transporte sustent\u00e1vel, n\u00e3o emite poluentes, democr\u00e1tico, \u00e9 amplamente utilizado por camadas mais vulner\u00e1veis da popula\u00e7\u00e3o, e que faz uso<\/p>\n\t\t<\/div>\n\t\t\t\t\t<a class=\"elementor-post__read-more\" href=\"https:\/\/poloplanejamento.com\/blog\/por-uma-transformacao-cultural-urbana-7-de-julho-15-anos-da-tcurbes\/\" >\n\t\t\t\tLer mais \u00bb\t\t\t<\/a>\n\t\t\t\t<\/div>\n\t\t\t\t<div class=\"elementor-post__meta-data\">\n\t\t\t\t\t<span class=\"elementor-post-author\">\n\t\t\tRicardo Corr\u00eaa\t\t<\/span>\n\t\t\t\t<span class=\"elementor-post-date\">\n\t\t\t07\/07\/2022\t\t<\/span>\n\t\t\t\t<\/div>\n\t\t\t\t\t<\/div>\n\t\t<\/article>\n\t\t\t\t<article class=\"elementor-post elementor-grid-item post-289 post type-post status-publish format-standard has-post-thumbnail hentry category-polo category-todas-as-categorias\">\n\t\t\t<div class=\"elementor-post__card\">\n\t\t\t\t<a class=\"elementor-post__thumbnail__link\" href=\"https:\/\/poloplanejamento.com\/blog\/7-anos-da-polo-hora-de-olhar-para-o-futuro\/\" ><div class=\"elementor-post__thumbnail\"><img loading=\"lazy\" width=\"300\" height=\"225\" src=\"https:\/\/poloplanejamento.com\/blog\/wp-content\/uploads\/2022\/12\/f411d4_ad564c87d34b4ab2aa878255256d97f9mv2-300x225.png\" class=\"attachment-medium size-medium wp-image-291\" alt=\"\" decoding=\"async\" srcset=\"https:\/\/poloplanejamento.com\/blog\/wp-content\/uploads\/2022\/12\/f411d4_ad564c87d34b4ab2aa878255256d97f9mv2-300x225.png 300w, https:\/\/poloplanejamento.com\/blog\/wp-content\/uploads\/2022\/12\/f411d4_ad564c87d34b4ab2aa878255256d97f9mv2.png 547w\" sizes=\"(max-width: 300px) 100vw, 300px\" \/><\/div><\/a>\n\t\t\t\t<div class=\"elementor-post__text\">\n\t\t\t\t<h3 class=\"elementor-post__title\">\n\t\t\t<a href=\"https:\/\/poloplanejamento.com\/blog\/7-anos-da-polo-hora-de-olhar-para-o-futuro\/\" >\n\t\t\t\t7 anos da Polo, hora de olhar para o futuro\t\t\t<\/a>\n\t\t<\/h3>\n\t\t\t\t<div class=\"elementor-post__excerpt\">\n\t\t\t<p>Essa semana estamos comemorando o s\u00e9timo anivers\u00e1rio da Polo Planejamento, sete anos em movimento. Tivemos nas redes sociais um hist\u00f3rico de fatos importantes para a<\/p>\n\t\t<\/div>\n\t\t\t\t\t<a class=\"elementor-post__read-more\" href=\"https:\/\/poloplanejamento.com\/blog\/7-anos-da-polo-hora-de-olhar-para-o-futuro\/\" >\n\t\t\t\tLer mais \u00bb\t\t\t<\/a>\n\t\t\t\t<\/div>\n\t\t\t\t<div class=\"elementor-post__meta-data\">\n\t\t\t\t\t<span class=\"elementor-post-author\">\n\t\t\tThiago Gomes\t\t<\/span>\n\t\t\t\t<span class=\"elementor-post-date\">\n\t\t\t20\/06\/2022\t\t<\/span>\n\t\t\t\t<\/div>\n\t\t\t\t\t<\/div>\n\t\t<\/article>\n\t\t\t\t<article class=\"elementor-post elementor-grid-item post-286 post type-post status-publish format-standard has-post-thumbnail hentry category-todas-as-categorias tag-imigracao tag-imigrantes tag-refugiados\">\n\t\t\t<div class=\"elementor-post__card\">\n\t\t\t\t<a class=\"elementor-post__thumbnail__link\" href=\"https:\/\/poloplanejamento.com\/blog\/a-politica-imigratoria\/\" ><div class=\"elementor-post__thumbnail\"><img loading=\"lazy\" width=\"300\" height=\"166\" src=\"https:\/\/poloplanejamento.com\/blog\/wp-content\/uploads\/2022\/12\/371644_68caa21ba2414a4c81093c259a74ba08mv2-300x166.png\" class=\"attachment-medium size-medium wp-image-287\" alt=\"\" decoding=\"async\" srcset=\"https:\/\/poloplanejamento.com\/blog\/wp-content\/uploads\/2022\/12\/371644_68caa21ba2414a4c81093c259a74ba08mv2-300x166.png 300w, https:\/\/poloplanejamento.com\/blog\/wp-content\/uploads\/2022\/12\/371644_68caa21ba2414a4c81093c259a74ba08mv2-768x425.png 768w, https:\/\/poloplanejamento.com\/blog\/wp-content\/uploads\/2022\/12\/371644_68caa21ba2414a4c81093c259a74ba08mv2.png 886w\" sizes=\"(max-width: 300px) 100vw, 300px\" \/><\/div><\/a>\n\t\t\t\t<div class=\"elementor-post__text\">\n\t\t\t\t<h3 class=\"elementor-post__title\">\n\t\t\t<a href=\"https:\/\/poloplanejamento.com\/blog\/a-politica-imigratoria\/\" >\n\t\t\t\tA pol\u00edtica imigrat\u00f3ria\t\t\t<\/a>\n\t\t<\/h3>\n\t\t\t\t<div class=\"elementor-post__excerpt\">\n\t\t\t<p>A imigra\u00e7\u00e3o \u00e9 um dos motivos de deslocamento de indiv\u00edduos de um determinado local (continente e\/ou pa\u00eds) para um outro por diversos motivos, como a<\/p>\n\t\t<\/div>\n\t\t\t\t\t<a class=\"elementor-post__read-more\" href=\"https:\/\/poloplanejamento.com\/blog\/a-politica-imigratoria\/\" >\n\t\t\t\tLer mais \u00bb\t\t\t<\/a>\n\t\t\t\t<\/div>\n\t\t\t\t<div class=\"elementor-post__meta-data\">\n\t\t\t\t\t<span class=\"elementor-post-author\">\n\t\t\tCoeurvie Mianani\t\t<\/span>\n\t\t\t\t<span class=\"elementor-post-date\">\n\t\t\t10\/06\/2022\t\t<\/span>\n\t\t\t\t<\/div>\n\t\t\t\t\t<\/div>\n\t\t<\/article>\n\t\t\t\t<article class=\"elementor-post elementor-grid-item post-282 post type-post status-publish format-standard has-post-thumbnail hentry category-cidades-inteligentes category-todas-as-categorias tag-cidades tag-espaco-urbano tag-feminismo\">\n\t\t\t<div class=\"elementor-post__card\">\n\t\t\t\t<a class=\"elementor-post__thumbnail__link\" href=\"https:\/\/poloplanejamento.com\/blog\/cidades-feministas\/\" ><div class=\"elementor-post__thumbnail\"><img loading=\"lazy\" width=\"300\" height=\"200\" src=\"https:\/\/poloplanejamento.com\/blog\/wp-content\/uploads\/2022\/12\/371644_8e7a5880959946d5b1fa4e0777249785mv2-300x200.webp\" class=\"attachment-medium size-medium wp-image-283\" alt=\"\" decoding=\"async\" srcset=\"https:\/\/poloplanejamento.com\/blog\/wp-content\/uploads\/2022\/12\/371644_8e7a5880959946d5b1fa4e0777249785mv2-300x200.webp 300w, https:\/\/poloplanejamento.com\/blog\/wp-content\/uploads\/2022\/12\/371644_8e7a5880959946d5b1fa4e0777249785mv2-1024x681.webp 1024w, https:\/\/poloplanejamento.com\/blog\/wp-content\/uploads\/2022\/12\/371644_8e7a5880959946d5b1fa4e0777249785mv2-768x511.webp 768w, https:\/\/poloplanejamento.com\/blog\/wp-content\/uploads\/2022\/12\/371644_8e7a5880959946d5b1fa4e0777249785mv2.webp 1154w\" sizes=\"(max-width: 300px) 100vw, 300px\" \/><\/div><\/a>\n\t\t\t\t<div class=\"elementor-post__text\">\n\t\t\t\t<h3 class=\"elementor-post__title\">\n\t\t\t<a href=\"https:\/\/poloplanejamento.com\/blog\/cidades-feministas\/\" >\n\t\t\t\tCidades feministas\t\t\t<\/a>\n\t\t<\/h3>\n\t\t\t\t<div class=\"elementor-post__excerpt\">\n\t\t\t<p>O espa\u00e7o urbano n\u00e3o \u00e9 neutro e a percep\u00e7\u00e3o da cidade depende de local que o indiv\u00edduo ocupa na sociedade. A exist\u00eancia e a circula\u00e7\u00e3o<\/p>\n\t\t<\/div>\n\t\t\t\t\t<a class=\"elementor-post__read-more\" href=\"https:\/\/poloplanejamento.com\/blog\/cidades-feministas\/\" >\n\t\t\t\tLer mais \u00bb\t\t\t<\/a>\n\t\t\t\t<\/div>\n\t\t\t\t<div class=\"elementor-post__meta-data\">\n\t\t\t\t\t<span class=\"elementor-post-author\">\n\t\t\tPolo Planejamento\t\t<\/span>\n\t\t\t\t<span class=\"elementor-post-date\">\n\t\t\t05\/06\/2022\t\t<\/span>\n\t\t\t\t<\/div>\n\t\t\t\t\t<\/div>\n\t\t<\/article>\n\t\t\t\t<article class=\"elementor-post elementor-grid-item post-279 post type-post status-publish format-standard has-post-thumbnail hentry category-polo category-todas-as-categorias\">\n\t\t\t<div class=\"elementor-post__card\">\n\t\t\t\t<a class=\"elementor-post__thumbnail__link\" href=\"https:\/\/poloplanejamento.com\/blog\/gamificacao-do-planejamento-melhorando-a-participacao-social\/\" ><div class=\"elementor-post__thumbnail\"><img loading=\"lazy\" width=\"275\" height=\"300\" src=\"https:\/\/poloplanejamento.com\/blog\/wp-content\/uploads\/2022\/12\/f411d4_61d44e13fbf940d5b5ab07ba256a167cmv2-275x300.jpg\" class=\"attachment-medium size-medium wp-image-280\" alt=\"\" decoding=\"async\" srcset=\"https:\/\/poloplanejamento.com\/blog\/wp-content\/uploads\/2022\/12\/f411d4_61d44e13fbf940d5b5ab07ba256a167cmv2-275x300.jpg 275w, https:\/\/poloplanejamento.com\/blog\/wp-content\/uploads\/2022\/12\/f411d4_61d44e13fbf940d5b5ab07ba256a167cmv2-939x1024.jpg 939w, https:\/\/poloplanejamento.com\/blog\/wp-content\/uploads\/2022\/12\/f411d4_61d44e13fbf940d5b5ab07ba256a167cmv2-768x838.jpg 768w, https:\/\/poloplanejamento.com\/blog\/wp-content\/uploads\/2022\/12\/f411d4_61d44e13fbf940d5b5ab07ba256a167cmv2.jpg 1147w\" sizes=\"(max-width: 275px) 100vw, 275px\" \/><\/div><\/a>\n\t\t\t\t<div class=\"elementor-post__text\">\n\t\t\t\t<h3 class=\"elementor-post__title\">\n\t\t\t<a href=\"https:\/\/poloplanejamento.com\/blog\/gamificacao-do-planejamento-melhorando-a-participacao-social\/\" >\n\t\t\t\tGamifica\u00e7\u00e3o do Planejamento: melhorando a participa\u00e7\u00e3o social\t\t\t<\/a>\n\t\t<\/h3>\n\t\t\t\t<div class=\"elementor-post__excerpt\">\n\t\t\t<p>A gamifica\u00e7\u00e3o (ou do ingl\u00eas, Gamification) de processos \u00e9 a incorpora\u00e7\u00e3o de elementos comuns de jogos a processos que n\u00e3o se restringem somente ao entretenimento.<\/p>\n\t\t<\/div>\n\t\t\t\t\t<a class=\"elementor-post__read-more\" href=\"https:\/\/poloplanejamento.com\/blog\/gamificacao-do-planejamento-melhorando-a-participacao-social\/\" >\n\t\t\t\tLer mais \u00bb\t\t\t<\/a>\n\t\t\t\t<\/div>\n\t\t\t\t<div class=\"elementor-post__meta-data\">\n\t\t\t\t\t<span class=\"elementor-post-author\">\n\t\t\tRicardo Corr\u00eaa\t\t<\/span>\n\t\t\t\t<span class=\"elementor-post-date\">\n\t\t\t20\/05\/2022\t\t<\/span>\n\t\t\t\t<\/div>\n\t\t\t\t\t<\/div>\n\t\t<\/article>\n\t\t\t\t<article class=\"elementor-post elementor-grid-item post-276 post type-post status-publish format-standard has-post-thumbnail hentry category-cidades-inteligentes category-todas-as-categorias tag-dados-abertos\">\n\t\t\t<div class=\"elementor-post__card\">\n\t\t\t\t<a class=\"elementor-post__thumbnail__link\" href=\"https:\/\/poloplanejamento.com\/blog\/uma-introducao-a-dados-abertos-no-contexto-das-cidades-inteligentes\/\" ><div class=\"elementor-post__thumbnail\"><img loading=\"lazy\" width=\"300\" height=\"300\" src=\"https:\/\/poloplanejamento.com\/blog\/wp-content\/uploads\/2022\/12\/371644_91d1b1e916c647688d534a60c136627amv2-300x300.jpg\" class=\"attachment-medium size-medium wp-image-277\" alt=\"\" decoding=\"async\" srcset=\"https:\/\/poloplanejamento.com\/blog\/wp-content\/uploads\/2022\/12\/371644_91d1b1e916c647688d534a60c136627amv2-300x300.jpg 300w, https:\/\/poloplanejamento.com\/blog\/wp-content\/uploads\/2022\/12\/371644_91d1b1e916c647688d534a60c136627amv2-150x150.jpg 150w, https:\/\/poloplanejamento.com\/blog\/wp-content\/uploads\/2022\/12\/371644_91d1b1e916c647688d534a60c136627amv2.jpg 547w\" sizes=\"(max-width: 300px) 100vw, 300px\" \/><\/div><\/a>\n\t\t\t\t<div class=\"elementor-post__text\">\n\t\t\t\t<h3 class=\"elementor-post__title\">\n\t\t\t<a href=\"https:\/\/poloplanejamento.com\/blog\/uma-introducao-a-dados-abertos-no-contexto-das-cidades-inteligentes\/\" >\n\t\t\t\tUma introdu\u00e7\u00e3o a dados abertos no contexto das cidades inteligentes\t\t\t<\/a>\n\t\t<\/h3>\n\t\t\t\t<div class=\"elementor-post__excerpt\">\n\t\t\t<p>Com a explos\u00e3o global de leis de acesso \u00e0 informa\u00e7\u00e3o a partir dos anos 1990, o tema da transpar\u00eancia e do seu potencial como ferramenta<\/p>\n\t\t<\/div>\n\t\t\t\t\t<a class=\"elementor-post__read-more\" href=\"https:\/\/poloplanejamento.com\/blog\/uma-introducao-a-dados-abertos-no-contexto-das-cidades-inteligentes\/\" >\n\t\t\t\tLer mais \u00bb\t\t\t<\/a>\n\t\t\t\t<\/div>\n\t\t\t\t<div class=\"elementor-post__meta-data\">\n\t\t\t\t\t<span class=\"elementor-post-author\">\n\t\t\tPolo Planejamento\t\t<\/span>\n\t\t\t\t<span class=\"elementor-post-date\">\n\t\t\t11\/04\/2022\t\t<\/span>\n\t\t\t\t<\/div>\n\t\t\t\t\t<\/div>\n\t\t<\/article>\n\t\t\t\t<article class=\"elementor-post elementor-grid-item post-272 post type-post status-publish format-standard has-post-thumbnail hentry category-cidades-inteligentes category-planejamento-urbano category-todas-as-categorias tag-areas-verdes tag-cidades tag-espacos-verdes\">\n\t\t\t<div class=\"elementor-post__card\">\n\t\t\t\t<a class=\"elementor-post__thumbnail__link\" href=\"https:\/\/poloplanejamento.com\/blog\/dialogo-das-areas-verdes-nos-espacos-urbanos\/\" ><div class=\"elementor-post__thumbnail\"><img loading=\"lazy\" width=\"300\" height=\"176\" src=\"https:\/\/poloplanejamento.com\/blog\/wp-content\/uploads\/2022\/12\/371644_80559c78fb4c43818de9022ea68e9a93mv2-300x176.png\" class=\"attachment-medium size-medium wp-image-273\" alt=\"\" decoding=\"async\" srcset=\"https:\/\/poloplanejamento.com\/blog\/wp-content\/uploads\/2022\/12\/371644_80559c78fb4c43818de9022ea68e9a93mv2-300x176.png 300w, https:\/\/poloplanejamento.com\/blog\/wp-content\/uploads\/2022\/12\/371644_80559c78fb4c43818de9022ea68e9a93mv2-768x452.png 768w, https:\/\/poloplanejamento.com\/blog\/wp-content\/uploads\/2022\/12\/371644_80559c78fb4c43818de9022ea68e9a93mv2.png 886w\" sizes=\"(max-width: 300px) 100vw, 300px\" \/><\/div><\/a>\n\t\t\t\t<div class=\"elementor-post__text\">\n\t\t\t\t<h3 class=\"elementor-post__title\">\n\t\t\t<a href=\"https:\/\/poloplanejamento.com\/blog\/dialogo-das-areas-verdes-nos-espacos-urbanos\/\" >\n\t\t\t\tDi\u00e1logo das \u00e1reas verdes nos espa\u00e7os urbanos\t\t\t<\/a>\n\t\t<\/h3>\n\t\t\t\t<div class=\"elementor-post__excerpt\">\n\t\t\t<p>Viver em cidades altamente urbanizadas comumente faz com que seus habitantes apreciem ainda mais as \u00e1reas verdes dispon\u00edveis nesse espa\u00e7o \u2013 n\u00e3o \u00e0 toa, a<\/p>\n\t\t<\/div>\n\t\t\t\t\t<a class=\"elementor-post__read-more\" href=\"https:\/\/poloplanejamento.com\/blog\/dialogo-das-areas-verdes-nos-espacos-urbanos\/\" >\n\t\t\t\tLer mais \u00bb\t\t\t<\/a>\n\t\t\t\t<\/div>\n\t\t\t\t<div class=\"elementor-post__meta-data\">\n\t\t\t\t\t<span class=\"elementor-post-author\">\n\t\t\tPolo Planejamento\t\t<\/span>\n\t\t\t\t<span class=\"elementor-post-date\">\n\t\t\t25\/03\/2022\t\t<\/span>\n\t\t\t\t<\/div>\n\t\t\t\t\t<\/div>\n\t\t<\/article>\n\t\t\t\t<article class=\"elementor-post elementor-grid-item post-268 post type-post status-publish format-standard has-post-thumbnail hentry category-todas-as-categorias category-transporte-e-mobilidade tag-cptm tag-trem\">\n\t\t\t<div class=\"elementor-post__card\">\n\t\t\t\t<a class=\"elementor-post__thumbnail__link\" href=\"https:\/\/poloplanejamento.com\/blog\/a-importancia-do-trem-metropolitano-da-cptm\/\" ><div class=\"elementor-post__thumbnail\"><img loading=\"lazy\" width=\"300\" height=\"218\" src=\"https:\/\/poloplanejamento.com\/blog\/wp-content\/uploads\/2022\/12\/371644_9b338033148047c79405f66924e694f9mv2-300x218.png\" class=\"attachment-medium size-medium wp-image-270\" alt=\"\" decoding=\"async\" srcset=\"https:\/\/poloplanejamento.com\/blog\/wp-content\/uploads\/2022\/12\/371644_9b338033148047c79405f66924e694f9mv2-300x218.png 300w, https:\/\/poloplanejamento.com\/blog\/wp-content\/uploads\/2022\/12\/371644_9b338033148047c79405f66924e694f9mv2-768x559.png 768w, https:\/\/poloplanejamento.com\/blog\/wp-content\/uploads\/2022\/12\/371644_9b338033148047c79405f66924e694f9mv2.png 886w\" sizes=\"(max-width: 300px) 100vw, 300px\" \/><\/div><\/a>\n\t\t\t\t<div class=\"elementor-post__text\">\n\t\t\t\t<h3 class=\"elementor-post__title\">\n\t\t\t<a href=\"https:\/\/poloplanejamento.com\/blog\/a-importancia-do-trem-metropolitano-da-cptm\/\" >\n\t\t\t\tA import\u00e2ncia do Trem Metropolitano da CPTM\t\t\t<\/a>\n\t\t<\/h3>\n\t\t\t\t<div class=\"elementor-post__excerpt\">\n\t\t\t<p>A CPTM (Companhia Paulista de Trens Metropolitanos) completa 30 anos no m\u00eas de maio de 2022. Sua cria\u00e7\u00e3o foi respons\u00e1vel por unificar dois servi\u00e7os que,<\/p>\n\t\t<\/div>\n\t\t\t\t\t<a class=\"elementor-post__read-more\" href=\"https:\/\/poloplanejamento.com\/blog\/a-importancia-do-trem-metropolitano-da-cptm\/\" >\n\t\t\t\tLer mais \u00bb\t\t\t<\/a>\n\t\t\t\t<\/div>\n\t\t\t\t<div class=\"elementor-post__meta-data\">\n\t\t\t\t\t<span class=\"elementor-post-author\">\n\t\t\tCaio Ortega\t\t<\/span>\n\t\t\t\t<span class=\"elementor-post-date\">\n\t\t\t11\/03\/2022\t\t<\/span>\n\t\t\t\t<\/div>\n\t\t\t\t\t<\/div>\n\t\t<\/article>\n\t\t\t\t<\/div>\n\n\n\t\t\t\t\t<span class=\"e-load-more-spinner\">\n\t\t\t\t<i aria-hidden=\"true\" class=\"fas fa-spinner\"><\/i>\t\t\t<\/span>\n\t\t\n\t\t\t\t<div class=\"e-load-more-anchor\" data-page=\"1\" data-max-page=\"4\" data-next-page=\"https:\/\/poloplanejamento.com\/blog\/wp-json\/wp\/v2\/pages\/12\/page\/2\/\"><\/div>\n\t\t\t\t<div class=\"elementor-button-wrapper\">\n\t\t\t<a href=\"#\" class=\"elementor-button-link elementor-button\" role=\"button\">\n\t\t\t\t\t\t<span class=\"elementor-button-content-wrapper\">\n\t\t\t\t\t\t<span class=\"elementor-button-text\">Carregar mais<\/span>\n\t\t<\/span>\n\t\t\t\t\t<\/a>\n\t\t<\/div>\n\t\t\t\t<div class=\"e-load-more-message\">No more posts to show<\/div>\n\t\t\t\t<\/div>\n\t\t\t\t<\/div>\n\t\t\t\t\t<\/div>\n\t\t\t\t<\/div>\n\t\t\t\t\t\t\t<\/div>\n\t\t","protected":false},"excerpt":{"rendered":"<p>Sete anos em movimento e construindo cidades inteligentes Ver todos os posts NOSSOS POSTS MAIS RECENTES<\/p>\n","protected":false},"author":1,"featured_media":0,"parent":0,"menu_order":0,"comment_status":"closed","ping_status":"closed","template":"elementor_header_footer","meta":{"footnotes":""},"_links":{"self":[{"href":"https:\/\/poloplanejamento.com\/blog\/wp-json\/wp\/v2\/pages\/12"}],"collection":[{"href":"https:\/\/poloplanejamento.com\/blog\/wp-json\/wp\/v2\/pages"}],"about":[{"href":"https:\/\/poloplanejamento.com\/blog\/wp-json\/wp\/v2\/types\/page"}],"author":[{"embeddable":true,"href":"https:\/\/poloplanejamento.com\/blog\/wp-json\/wp\/v2\/users\/1"}],"replies":[{"embeddable":true,"href":"https:\/\/poloplanejamento.com\/blog\/wp-json\/wp\/v2\/comments?post=12"}],"version-history":[{"count":46,"href":"https:\/\/poloplanejamento.com\/blog\/wp-json\/wp\/v2\/pages\/12\/revisions"}],"predecessor-version":[{"id":333,"href":"https:\/\/poloplanejamento.com\/blog\/wp-json\/wp\/v2\/pages\/12\/revisions\/333"}],"wp:attachment":[{"href":"https:\/\/poloplanejamento.com\/blog\/wp-json\/wp\/v2\/media?parent=12"}],"curies":[{"name":"wp","href":"https:\/\/api.w.org\/{rel}","templated":true}]}}